{"id":788,"date":"2010-04-08T10:27:41","date_gmt":"2010-04-08T09:27:41","guid":{"rendered":"http:\/\/www.ssg-kaarst.de\/?page_id=788"},"modified":"2024-04-04T14:26:01","modified_gmt":"2024-04-04T12:26:01","slug":"unsere-historie-und-satzung","status":"publish","type":"page","link":"https:\/\/ssg-kaarst.de\/index.php\/uber-uns\/unsere-historie-und-satzung\/","title":{"rendered":"Historie &#038; Satzung"},"content":{"rendered":"<div id=\"tdi_1\" class=\"tdc-zone\"><div class=\"tdc_zone tdi_2  wpb_row td-pb-row\"  >\n<style scoped>\n\/* custom css - generated by TagDiv Composer *\/\n\n\/* custom css - generated by TagDiv Composer *\/\n.tdi_2{\r\n                    min-height: 0;\r\n                }\n<\/style><div id=\"tdi_3\" class=\"tdc-row\"><div class=\"vc_row tdi_4  wpb_row td-pb-row\" >\n<style scoped>\n\/* custom css - generated by TagDiv Composer *\/\n\n\/* custom css - generated by TagDiv Composer *\/\n.tdi_4,\r\n                .tdi_4 .tdc-columns{\r\n                    min-height: 0;\r\n                }.tdi_4,\r\n\t\t\t\t.tdi_4 .tdc-columns{\r\n\t\t\t\t    display: block;\r\n\t\t\t\t}.tdi_4 .tdc-columns{\r\n\t\t\t\t    width: 100%;\r\n\t\t\t\t}.tdi_4:before,\r\n\t\t\t\t.tdi_4:after{\r\n\t\t\t\t    display: table;\r\n\t\t\t\t}\n<\/style><div class=\"vc_column tdi_6  wpb_column vc_column_container tdc-column td-pb-span12\">\n<style scoped>\n\/* custom css - generated by TagDiv Composer *\/\n\n\/* custom css - generated by TagDiv Composer *\/\n.tdi_6{\r\n                    vertical-align: baseline;\r\n                }.tdi_6 > .wpb_wrapper,\r\n\t\t\t\t.tdi_6 > .wpb_wrapper > .tdc-elements{\r\n\t\t\t\t    display: block;\r\n\t\t\t\t}.tdi_6 > .wpb_wrapper > .tdc-elements{\r\n\t\t\t\t    width: 100%;\r\n\t\t\t\t}.tdi_6 > .wpb_wrapper > .vc_row_inner{\r\n\t\t\t\t    width: auto;\r\n\t\t\t\t}.tdi_6 > .wpb_wrapper{\r\n\t\t\t\t    width: auto;\r\n\t\t\t\t    height: auto;\r\n\t\t\t\t}\n<\/style><div class=\"wpb_wrapper\" ><div class=\"td_block_wrap tdb_title tdi_7 tdb-page-title td-pb-border-top td_block_template_1\"  data-td-block-uid=\"tdi_7\" >\n<style>\n\/* custom css - generated by TagDiv Composer *\/\n.tdb_title{\r\n                  margin-bottom: 19px;\r\n                }.tdb_title.tdb-content-horiz-center{\r\n                  text-align: center;\r\n                }.tdb_title.tdb-content-horiz-center .tdb-title-line{\r\n                  margin: 0 auto;\r\n                }.tdb_title.tdb-content-horiz-right{\r\n                  text-align: right;\r\n                }.tdb_title.tdb-content-horiz-right .tdb-title-line{\r\n                  margin-left: auto;\r\n                  margin-right: 0;\r\n                }.tdb-title-text{\r\n                  display: inline-block;\r\n                  position: relative;\r\n                  margin: 0;\r\n                  word-wrap: break-word;\r\n                  font-size: 30px;\r\n                  line-height: 38px;\r\n                  font-weight: 700;\r\n                }.tdb-first-letter{\r\n                  position: absolute;\r\n                  -webkit-user-select: none;\r\n                  user-select: none;\r\n                  pointer-events: none;\r\n                  text-transform: uppercase;\r\n                  color: rgba(0, 0, 0, 0.08);\r\n                  font-size: 6em;\r\n                  font-weight: 300;\r\n                  top: 50%;\r\n                  -webkit-transform: translateY(-50%);\r\n                  transform: translateY(-50%);\r\n                  left: -0.36em;\r\n                  z-index: -1;\r\n                  -webkit-text-fill-color: initial;\r\n                }.tdb-title-line{\r\n                  display: none;\r\n                  position: relative;\r\n                }.tdb-title-line:after{\r\n                  content: '';\r\n                  width: 100%;\r\n                  position: absolute;\r\n                  background-color: var(--td_theme_color, #4db2ec);\r\n                  top: 0;\r\n                  left: 0;\r\n                  margin: auto;\r\n                }.tdi_7 .tdb-title-line:after{\r\n\t\t\t\t\theight: 2px;\r\n\t\t\t\t\r\n\t\t\t\t\tbottom: 40%;\r\n\t\t\t\t}.tdi_7 .tdb-title-line{\r\n\t\t\t\t\theight: 50px;\r\n\t\t\t\t}.td-theme-wrap .tdi_7{\r\n\t\t\t\t\ttext-align: left;\r\n\t\t\t\t}.tdi_7 .tdb-first-letter{\r\n\t\t\t\t\tleft: -0.36em;\r\n\t\t\t\t\tright: auto;\r\n\t\t\t\t}\n<\/style><div class=\"tdb-block-inner td-fix-index\"><h1 class=\"tdb-title-text\">Sample Page Title<\/h1><div><\/div><div class=\"tdb-title-line\"><\/div><\/div><\/div><div class=\"wpb_wrapper td_block_empty_space td_block_wrap vc_empty_space tdi_9 \"  style=\"height: 32px\"><\/div><div class=\"td_block_wrap td_block_text_with_title tdi_10 tagdiv-type td-pb-border-top td_block_template_1\"  data-td-block-uid=\"tdi_10\" >\n<style>\n\/* custom css - generated by TagDiv Composer *\/\n.td_block_text_with_title{\r\n                  margin-bottom: 44px;\r\n                  -webkit-transform: translateZ(0);\r\n                  transform: translateZ(0);\r\n                }.td_block_text_with_title p:last-child{\r\n                  margin-bottom: 0;\r\n                }\n<\/style><div class=\"td-block-title-wrap\"><\/div><div class=\"td_mod_wrap td-fix-index\"><p><img loading=\"lazy\" decoding=\"async\" class=\"alignleft wp-image-16107 size-full\" src=\"https:\/\/ssg-kaarst.de\/wp-content\/uploads\/2024\/04\/1965hamman.jpg\" alt=\"\" width=\"500\" height=\"314\" srcset=\"https:\/\/ssg-kaarst.de\/wp-content\/uploads\/2024\/04\/1965hamman.jpg 500w, https:\/\/ssg-kaarst.de\/wp-content\/uploads\/2024\/04\/1965hamman-300x188.jpg 300w\" sizes=\"auto, (max-width: 500px) 100vw, 500px\" \/><\/p>\n<p>Im Jahre 1962 gr\u00fcndeten auf einer Mitgliederversammlung 28 Kaarster Alt- und Neub\u00fcrger die Gesellschaft. Die Mitgliederzahl wuchs schnell auf 60 Mitglieder. Heute z\u00e4hlt die Gesellschaft \u00fcber 100 Mitglieder. Der Verein bezweckt laut Satzung <strong>die F\u00f6rderung und Pflege der Geselligkeit auf der Grundlage althergebrachten Brauchtums und \u00fcberlieferter Formen<\/strong>, mittels deren echte Heimatpflege zum Ausdruck gebracht werden soll, sowie die Durchf\u00fchrung schie\u00dfsportlicher Veranstaltungen und \u00dcbungen, letzteres zur Pflege der Kameradschaft. Die Gesellschaft ist \u00fcberparteilich und interkonfessionell. Sie gibt ihren Mitgliedern eine gesellige Heimat, die den Neub\u00fcrgern ein schnelles Akklimatisieren erm\u00f6glicht. Die Mischung von Alt- und Neub\u00fcrgen ist gut und gewollt.\u00a0Die stetige Verj\u00fcngung des Vereins seit Bestehen ist sehr zufriedenstellend und wird weitergef\u00fchrt.<\/p>\n<p>Die Gesellschaft benutzt den Schie\u00dfstand im Vereinslokal \u201eHoferhof\u201c. Die Sch\u00fctzen betreiben ihren Sport im Sch\u00fctzenkreis Neuss 4\/2 als Mitglieder des Deutschen und Rheinischen Sch\u00fctzenbundes. Die Scheibensch\u00fctzen nehmen in Pflege der Tradition am hiesigen Sch\u00fctzenfest teil, dessen Ausrichter die Sankt Sebastianus Sch\u00fctzenbruderschaft Kaarst von 1450 e. V. ist, zu deren Zielen die Mitglieder stehen. Im Rahmen des Sch\u00fctzen- und Heimatfestes stellt die Gesellschaft ein eigenes Corps. Sechsmal stellte man seit der Gr\u00fcndung des Vereins, den Kaarster Sch\u00fctzenk\u00f6nig.<\/p>\n<p>Das Sch\u00fctzenfest, Ausfl\u00fcge in die n\u00e4here und weitere Umgebung, Familienfahrten und gesellschaftliche Veranstaltungen zu den verschiedensten Anl\u00e4ssen haben dahin gewirkt, dass ohne Werbung immer neue B\u00fcrger die Mitgliedschaft in diesem Verein suchen.\u00a0Damit ist die Gesellschaft aber nicht zufrieden, sie f\u00f6rdert im Sinne unserer Zeit die Jugend und die Sch\u00fcler in dem Zug der Tellknaben und der Jungscheibensch\u00fctzen. Letztere verwalten sich selbst, werden aber von der Gesellschaft betreut und gef\u00f6rdert.<\/p>\n<p><a href=\"https:\/\/ssg-kaarst.de\/wp-content\/uploads\/2022\/03\/Satzung-2011.pdf\">Satzung 2011 (PDF)<\/a> <br \/><a href=\"https:\/\/ssg-kaarst.de\/web2017\/wp-content\/uploads\/2010\/04\/Jugendordnung-2012.pdf\">Jugendordnung 2012 (PDF)<\/a><\/p>\n<\/div><\/div><\/div><\/div><\/div><\/div><div id=\"tdi_11\" class=\"tdc-row\"><div class=\"vc_row tdi_12  wpb_row td-pb-row\" >\n<style scoped>\n\/* custom css - generated by TagDiv Composer *\/\n\n\/* custom css - generated by TagDiv Composer *\/\n.tdi_12,\r\n                .tdi_12 .tdc-columns{\r\n                    min-height: 0;\r\n                }.tdi_12,\r\n\t\t\t\t.tdi_12 .tdc-columns{\r\n\t\t\t\t    display: block;\r\n\t\t\t\t}.tdi_12 .tdc-columns{\r\n\t\t\t\t    width: 100%;\r\n\t\t\t\t}.tdi_12:before,\r\n\t\t\t\t.tdi_12:after{\r\n\t\t\t\t    display: table;\r\n\t\t\t\t}\n<\/style><div class=\"vc_column tdi_14  wpb_column vc_column_container tdc-column td-pb-span12\">\n<style scoped>\n\/* custom css - generated by TagDiv Composer *\/\n\n\/* custom css - generated by TagDiv Composer *\/\n.tdi_14{\r\n                    vertical-align: baseline;\r\n                }.tdi_14 > .wpb_wrapper,\r\n\t\t\t\t.tdi_14 > .wpb_wrapper > .tdc-elements{\r\n\t\t\t\t    display: block;\r\n\t\t\t\t}.tdi_14 > .wpb_wrapper > .tdc-elements{\r\n\t\t\t\t    width: 100%;\r\n\t\t\t\t}.tdi_14 > .wpb_wrapper > .vc_row_inner{\r\n\t\t\t\t    width: auto;\r\n\t\t\t\t}.tdi_14 > .wpb_wrapper{\r\n\t\t\t\t    width: auto;\r\n\t\t\t\t    height: auto;\r\n\t\t\t\t}\n<\/style><div class=\"wpb_wrapper\" ><\/div><\/div><\/div><\/div><\/div><\/div>","protected":false},"excerpt":{"rendered":"","protected":false},"author":1,"featured_media":0,"parent":768,"menu_order":5,"comment_status":"closed","ping_status":"closed","template":"","meta":{"ngg_post_thumbnail":0,"footnotes":""},"class_list":["post-788","page","type-page","status-publish"],"_links":{"self":[{"href":"https:\/\/ssg-kaarst.de\/index.php\/wp-json\/wp\/v2\/pages\/788","targetHints":{"allow":["GET"]}}],"collection":[{"href":"https:\/\/ssg-kaarst.de\/index.php\/wp-json\/wp\/v2\/pages"}],"about":[{"href":"https:\/\/ssg-kaarst.de\/index.php\/wp-json\/wp\/v2\/types\/page"}],"author":[{"embeddable":true,"href":"https:\/\/ssg-kaarst.de\/index.php\/wp-json\/wp\/v2\/users\/1"}],"replies":[{"embeddable":true,"href":"https:\/\/ssg-kaarst.de\/index.php\/wp-json\/wp\/v2\/comments?post=788"}],"version-history":[{"count":6,"href":"https:\/\/ssg-kaarst.de\/index.php\/wp-json\/wp\/v2\/pages\/788\/revisions"}],"predecessor-version":[{"id":16351,"href":"https:\/\/ssg-kaarst.de\/index.php\/wp-json\/wp\/v2\/pages\/788\/revisions\/16351"}],"up":[{"embeddable":true,"href":"https:\/\/ssg-kaarst.de\/index.php\/wp-json\/wp\/v2\/pages\/768"}],"wp:attachment":[{"href":"https:\/\/ssg-kaarst.de\/index.php\/wp-json\/wp\/v2\/media?parent=788"}],"curies":[{"name":"wp","href":"https:\/\/api.w.org\/{rel}","templated":true}]}}